{"id":2,"date":"2019-09-24T15:50:15","date_gmt":"2019-09-24T19:50:15","guid":{"rendered":"https:\/\/tatianastlouis.com\/?page_id=2"},"modified":"2026-04-10T06:50:31","modified_gmt":"2026-04-10T10:50:31","slug":"services","status":"publish","type":"page","link":"https:\/\/tatianastlouis.com\/en\/services\/","title":{"rendered":"Travailler avec Tatiana St-Louis"},"content":{"rendered":"<p>[et_pb_section fb_built=\u00a0\u00bb1&Prime; _builder_version=\u00a0\u00bb4.27.6&Prime; _module_preset=\u00a0\u00bbdefault\u00a0\u00bb background_color=\u00a0\u00bb#000000&Prime; min_height=\u00a0\u00bb1000px\u00a0\u00bb min_height_tablet=\u00a0\u00bb1200px\u00a0\u00bb min_height_phone=\u00a0\u00bb800px\u00a0\u00bb min_height_last_edited=\u00a0\u00bbon|tablet\u00a0\u00bb custom_margin=\u00a0\u00bb||||false|false\u00a0\u00bb hover_enabled=\u00a0\u00bb0&Prime; global_colors_info=\u00a0\u00bb{}\u00a0\u00bb custom_margin_last_edited=\u00a0\u00bboff|tablet\u00a0\u00bb sticky_enabled=\u00a0\u00bb0&Prime;][et_pb_row _builder_version=\u00a0\u00bb4.27.6&Prime; _module_preset=\u00a0\u00bbdefault\u00a0\u00bb hover_enabled=\u00a0\u00bb0&Prime; global_colors_info=\u00a0\u00bb{}\u00a0\u00bb sticky_enabled=\u00a0\u00bb0&Prime;][et_pb_column type=\u00a0\u00bb4_4&Prime; _builder_version=\u00a0\u00bb4.27.6&Prime; _module_preset=\u00a0\u00bbdefault\u00a0\u00bb global_colors_info=\u00a0\u00bb{}\u00a0\u00bb][et_pb_text _builder_version=\u00a0\u00bb4.27.6&Prime; _module_preset=\u00a0\u00bbdefault\u00a0\u00bb text_font=\u00a0\u00bb&#8211;et_global_body_font|900|||||||\u00a0\u00bb text_font_size=\u00a0\u00bb48px\u00a0\u00bb text_line_height=\u00a0\u00bb1.1em\u00a0\u00bb text_orientation=\u00a0\u00bbcenter\u00a0\u00bb custom_margin=\u00a0\u00bb||||false|false\u00a0\u00bb custom_padding=\u00a0\u00bb350px||50px||false|false\u00a0\u00bb custom_padding_tablet=\u00a0\u00bb150px||||false|false\u00a0\u00bb custom_padding_phone=\u00a0\u00bb100px||0px||false|false\u00a0\u00bb custom_padding_last_edited=\u00a0\u00bbon|tablet\u00a0\u00bb hover_enabled=\u00a0\u00bb0&Prime; text_font_size_tablet=\u00a0\u00bb48px\u00a0\u00bb text_font_size_phone=\u00a0\u00bb36px\u00a0\u00bb text_font_size_last_edited=\u00a0\u00bbon|phone\u00a0\u00bb global_colors_info=\u00a0\u00bb{}\u00a0\u00bb sticky_enabled=\u00a0\u00bb0&Prime;]<\/p>\n<p>Afin de mieux vous guider, dites-moi&#8230;<br \/>\u00eates-vous un\u00b7e :<\/p>\n<p>[\/et_pb_text][\/et_pb_column][\/et_pb_row][et_pb_row column_structure=\u00a0\u00bb1_3,1_3,1_3&Prime; _builder_version=\u00a0\u00bb4.27.6&Prime; _module_preset=\u00a0\u00bbdefault\u00a0\u00bb global_colors_info=\u00a0\u00bb{}\u00a0\u00bb][et_pb_column type=\u00a0\u00bb1_3&Prime; _builder_version=\u00a0\u00bb4.27.6&Prime; _module_preset=\u00a0\u00bbdefault\u00a0\u00bb global_colors_info=\u00a0\u00bb{}\u00a0\u00bb][et_pb_button button_url=\u00a0\u00bb\/recruteurs\/\u00a0\u00bb button_text=\u00a0\u00bbrecruteur\u00a0\u00bb button_alignment=\u00a0\u00bbleft\u00a0\u00bb button_alignment_tablet=\u00a0\u00bbcenter\u00a0\u00bb button_alignment_phone=\u00a0\u00bbcenter\u00a0\u00bb button_alignment_last_edited=\u00a0\u00bbon|tablet\u00a0\u00bb _builder_version=\u00a0\u00bb4.27.6&Prime; _module_preset=\u00a0\u00bbdefault\u00a0\u00bb custom_button=\u00a0\u00bbon\u00a0\u00bb button_border_width=\u00a0\u00bb1px\u00a0\u00bb button_border_radius=\u00a0\u00bb30px\u00a0\u00bb button_font=\u00a0\u00bblumios-old||||||||\u00a0\u00bb button_use_icon=\u00a0\u00bboff\u00a0\u00bb custom_padding=\u00a0\u00bb|61px||61px|false|true\u00a0\u00bb global_colors_info=\u00a0\u00bb{}\u00a0\u00bb][\/et_pb_button][\/et_pb_column][et_pb_column type=\u00a0\u00bb1_3&Prime; _builder_version=\u00a0\u00bb4.27.6&Prime; _module_preset=\u00a0\u00bbdefault\u00a0\u00bb global_colors_info=\u00a0\u00bb{}\u00a0\u00bb][et_pb_button button_url=\u00a0\u00bbhttps:\/\/aimetamarque.com\/\u00a0\u00bb button_text=\u00a0\u00bbentrepreneur\u00a0\u00bb button_alignment=\u00a0\u00bbcenter\u00a0\u00bb _builder_version=\u00a0\u00bb4.27.6&Prime; _module_preset=\u00a0\u00bbdefault\u00a0\u00bb custom_button=\u00a0\u00bbon\u00a0\u00bb button_border_width=\u00a0\u00bb1px\u00a0\u00bb button_border_radius=\u00a0\u00bb30px\u00a0\u00bb button_font=\u00a0\u00bblumios-old||||||||\u00a0\u00bb button_use_icon=\u00a0\u00bboff\u00a0\u00bb custom_padding=\u00a0\u00bb|40px||40px|false|true\u00a0\u00bb global_colors_info=\u00a0\u00bb{}\u00a0\u00bb][\/et_pb_button][\/et_pb_column][et_pb_column type=\u00a0\u00bb1_3&Prime; _builder_version=\u00a0\u00bb4.27.6&Prime; _module_preset=\u00a0\u00bbdefault\u00a0\u00bb global_colors_info=\u00a0\u00bb{}\u00a0\u00bb][et_pb_button button_url=\u00a0\u00bbhttps:\/\/ditagold.com\/\u00a0\u00bb button_text=\u00a0\u00bben exploration\u00a0\u00bb button_alignment=\u00a0\u00bbright\u00a0\u00bb button_alignment_tablet=\u00a0\u00bbcenter\u00a0\u00bb button_alignment_phone=\u00a0\u00bbcenter\u00a0\u00bb button_alignment_last_edited=\u00a0\u00bbon|tablet\u00a0\u00bb _builder_version=\u00a0\u00bb4.27.6&Prime; _module_preset=\u00a0\u00bbdefault\u00a0\u00bb custom_button=\u00a0\u00bbon\u00a0\u00bb button_border_width=\u00a0\u00bb1px\u00a0\u00bb button_border_radius=\u00a0\u00bb30px\u00a0\u00bb button_font=\u00a0\u00bblumios-old||||||||\u00a0\u00bb button_use_icon=\u00a0\u00bboff\u00a0\u00bb custom_padding=\u00a0\u00bb|38px||38px|false|true\u00a0\u00bb global_colors_info=\u00a0\u00bb{}\u00a0\u00bb][\/et_pb_button][\/et_pb_column][\/et_pb_row][\/et_pb_section]<\/p>\n","protected":false},"excerpt":{"rendered":"<p>Afin de mieux vous guider, dites-moi&#8230;\u00eates-vous un\u00b7e :<\/p>","protected":false},"author":2,"featured_media":0,"parent":0,"menu_order":0,"comment_status":"closed","ping_status":"closed","template":"page-template-blank.php","meta":{"_et_pb_use_builder":"on","_et_pb_old_content":"[cs_content][cs_element_section _id=\"1\" ][cs_element_layout_row _id=\"2\" ][cs_element_layout_column _id=\"3\" ]&nbsp;[\/cs_element_layout_column][cs_element_layout_column _id=\"4\" ][cs_element_headline _id=\"5\" ][\/cs_element_layout_column][\/cs_element_layout_row][\/cs_element_section][cs_element_section _id=\"6\" ][cs_element_layout_row _id=\"7\" ][cs_element_layout_column _id=\"8\" ][cs_element_text _id=\"9\" ][cs_element_headline _id=\"10\" ][cs_element_text _id=\"11\" ][\/cs_element_layout_column][cs_element_layout_column _id=\"12\" ][cs_element_headline _id=\"13\" ][cs_element_button _id=\"14\" ][cs_element_gap _id=\"15\" ][cs_element_button _id=\"16\" ][cs_element_gap _id=\"17\" ][cs_element_button _id=\"18\" ][\/cs_element_layout_column][\/cs_element_layout_row][\/cs_element_section][cs_element_section _id=\"19\" ][cs_element_layout_row _id=\"20\" ][cs_element_layout_column _id=\"21\" ][cs_element_icon _id=\"22\" ][\/cs_element_layout_column][cs_element_layout_column _id=\"23\" ][cs_element_headline _id=\"24\" ][\/cs_element_layout_column][\/cs_element_layout_row][cs_element_layout_row _id=\"25\" ][cs_element_layout_column _id=\"26\" ][cs_element_text _id=\"27\" ][cs_element_button _id=\"28\" ][\/cs_element_layout_column][\/cs_element_layout_row][\/cs_element_section][cs_element_section _id=\"29\" ][cs_element_layout_row _id=\"30\" ][cs_element_layout_column _id=\"31\" ][cs_element_icon _id=\"32\" ][\/cs_element_layout_column][cs_element_layout_column _id=\"33\" ][cs_element_headline _id=\"34\" ][\/cs_element_layout_column][\/cs_element_layout_row][cs_element_layout_row _id=\"35\" ][cs_element_layout_column _id=\"36\" ][cs_element_text _id=\"37\" ][cs_element_button _id=\"38\" ][\/cs_element_layout_column][\/cs_element_layout_row][\/cs_element_section][cs_element_section _id=\"39\" ][cs_element_layout_row _id=\"40\" ][cs_element_layout_column _id=\"41\" ][cs_element_icon _id=\"42\" ][\/cs_element_layout_column][cs_element_layout_column _id=\"43\" ][cs_element_headline _id=\"44\" ][\/cs_element_layout_column][\/cs_element_layout_row][cs_element_layout_row _id=\"45\" ][cs_element_layout_column _id=\"46\" ][cs_element_text _id=\"47\" ][cs_element_button _id=\"48\" ][\/cs_element_layout_column][\/cs_element_layout_row][\/cs_element_section][cs_element_section _id=\"49\" ][cs_element_layout_row _id=\"50\" ][cs_element_layout_column _id=\"51\" ][cs_element_headline _id=\"52\" ][cs_element_text _id=\"53\" ][cs_element_raw_content _id=\"54\" ][\/cs_element_layout_column][\/cs_element_layout_row][\/cs_element_section][\/cs_content][cs_content_seo]&nbsp;\n\nCONSULTANTE EN COMMUNICATION NUM\u00c9RIQUE POUR ENTREPRENEURS ET PME\n\nVous \u00eates ici parce qu'on vous a dit que vous deviez :\n\nrefaire votre site web...\nlancer un blogue...\ncr\u00e9er un nouveau logo...\nenvoyer une infolettre...\nfaire de la pub Facebook...\n\nBREF, D\u00c9POUSSI\u00c9RER VOS COMMS'\n\nEt pour \u00eatre honn\u00eate, vous avez d'autres chats \u00e0 fouetter.\n\u00c7a tombe bien!\nJe vous aide \u00e0 mettre en place les bons processus, outils et strat\u00e9gies de communication num\u00e9rique pour soutenir votre entreprise dans sa croissance.\n\nMes services se d\u00e9clinent en 3 volets\n\nSTRAT\u00c9GIE\n\nFORMATION & COACHING\n\nGESTION\n\nSTRAT\u00c9GIE\n\nTout commence par vos objectifs d'affaires.\nJ'analyse le contexte et la situation de votre entreprise pour vous conseiller les bons outils pour communiquer votre offre et les bonnes tactiques pour que votre message tombe dans les bonnes oreilles.\n\nAnalyser l'\u00e9tat de la situation (besoins, moyens, objectifs, publics, etc.)\nB\u00e2tir une strat\u00e9gie globale adapt\u00e9e \u00e0 votre r\u00e9alit\u00e9\nCr\u00e9er des plans de communication cibl\u00e9s (lancement de produit, nouveau partenariat, changement d'image de marque, restructuration...)\n\u00c9laborer une strat\u00e9gie \u00ab lean \u00bb pour les m\u00e9dias sociaux\nSugg\u00e9rer des outils pour mesurer vos r\u00e9sultats\n\nParlons STRAT\u00c9GIE\n\nFORMATION &amp; COACHING\n\nVous avez d\u00e9j\u00e0 une \u00e9quipe du tonnerre? Ce sont eux, vos meilleurs ambassadeurs.\nJe vous forme vous et\/ou vos employ\u00e9s \u2013 sp\u00e9cialis\u00e9s en communication ou non \u2013 afin de faire rayonner votre entreprise sur les diff\u00e9rentes plateformes offertes par le web.\n\nLinkedIn pour les professionnels\nBloguer pour son entreprise\nCr\u00e9er une strat\u00e9gie de contenu\n\u00c9crire un plan de communication\nMini-formations sur les r\u00e9seaux sociaux (Facebook d'entreprise, Pinterest, Instagram...)\nStrat\u00e9gie d'infolettre (Mailchimp, automatisations, captures)\nFormations sur mesure selon vos besoins\n\nParlons FORMATION & COACHING\n\nGESTION\n\nVous n'avez pas encore la structure (ou le besoin) d'engager une \u00e9quipe de communication? Pas de probl\u00e8me.\nJ'interviens dans votre entreprise \u00e0 titre de directrice des communications sur appel.\nQue ce soit pour b\u00e2tir votre nouvelle \u00e9quipe marketing ou g\u00e9rer un projet d'envergure, j'\u00e9limine le casse-t\u00eate superflu de \u00ab\u00a0g\u00e9rer les comms\u00a0\u00bb.\nPar exemple, je peux :\n\nSuperviser les projets avec pigistes et sous-traitants\nSoutenir lors de l'embauche d'un poste en communications ou marketing\nDiriger les projets tels que lancements, conf\u00e9rences, \u00e9v\u00e9nements, rebranding, etc.\nAgir comme conseill\u00e8re lors de r\u00e9unions strat\u00e9giques avec des dirigeants ou investisseurs\n\nParlons GESTION\n\nSi on parlait de vous?\n\nR\u00e9servez votre appel de 30 minutes gratuit![\/cs_content_seo]","_et_gb_content_width":"","footnotes":""},"class_list":["post-2","page","type-page","status-publish","hentry"],"yoast_head":"<!-- This site is optimized with the Yoast SEO plugin v27.3 - https:\/\/yoast.com\/product\/yoast-seo-wordpress\/ -->\n<title>Travailler avec Tatiana St-Louis - Tatiana St-Louis<\/title>\n<meta name=\"robots\" content=\"index, follow, max-snippet:-1, max-image-preview:large, max-video-preview:-1\" \/>\n<link rel=\"canonical\" href=\"https:\/\/tatianastlouis.com\/en\/services\/\" \/>\n<meta property=\"og:locale\" content=\"en_US\" \/>\n<meta property=\"og:type\" content=\"article\" \/>\n<meta property=\"og:title\" content=\"Travailler avec Tatiana St-Louis - Tatiana St-Louis\" \/>\n<meta property=\"og:description\" content=\"Afin de mieux vous guider, dites-moi...\u00eates-vous un\u00b7e :\" \/>\n<meta property=\"og:url\" content=\"https:\/\/tatianastlouis.com\/en\/services\/\" \/>\n<meta property=\"og:site_name\" content=\"Tatiana St-Louis\" \/>\n<meta property=\"article:modified_time\" content=\"2026-04-10T10:50:31+00:00\" \/>\n<meta name=\"twitter:card\" content=\"summary_large_image\" \/>\n<meta name=\"twitter:label1\" content=\"Est. reading time\" \/>\n\t<meta name=\"twitter:data1\" content=\"1 minute\" \/>\n<script type=\"application\/ld+json\" class=\"yoast-schema-graph\">{\"@context\":\"https:\\\/\\\/schema.org\",\"@graph\":[{\"@type\":\"WebPage\",\"@id\":\"https:\\\/\\\/tatianastlouis.com\\\/services\\\/\",\"url\":\"https:\\\/\\\/tatianastlouis.com\\\/services\\\/\",\"name\":\"Travailler avec Tatiana St-Louis - Tatiana St-Louis\",\"isPartOf\":{\"@id\":\"https:\\\/\\\/tatianastlouis.com\\\/#website\"},\"datePublished\":\"2019-09-24T19:50:15+00:00\",\"dateModified\":\"2026-04-10T10:50:31+00:00\",\"breadcrumb\":{\"@id\":\"https:\\\/\\\/tatianastlouis.com\\\/services\\\/#breadcrumb\"},\"inLanguage\":\"en-CA\",\"potentialAction\":[{\"@type\":\"ReadAction\",\"target\":[\"https:\\\/\\\/tatianastlouis.com\\\/services\\\/\"]}]},{\"@type\":\"BreadcrumbList\",\"@id\":\"https:\\\/\\\/tatianastlouis.com\\\/services\\\/#breadcrumb\",\"itemListElement\":[{\"@type\":\"ListItem\",\"position\":1,\"name\":\"Accueil\",\"item\":\"https:\\\/\\\/tatianastlouis.com\\\/\"},{\"@type\":\"ListItem\",\"position\":2,\"name\":\"Travailler avec Tatiana St-Louis\"}]},{\"@type\":\"WebSite\",\"@id\":\"https:\\\/\\\/tatianastlouis.com\\\/#website\",\"url\":\"https:\\\/\\\/tatianastlouis.com\\\/\",\"name\":\"Tatiana St-Louis\",\"description\":\"Consultante, cr\u00e9atrice de contenu, entrepreneuse\",\"potentialAction\":[{\"@type\":\"SearchAction\",\"target\":{\"@type\":\"EntryPoint\",\"urlTemplate\":\"https:\\\/\\\/tatianastlouis.com\\\/?s={search_term_string}\"},\"query-input\":{\"@type\":\"PropertyValueSpecification\",\"valueRequired\":true,\"valueName\":\"search_term_string\"}}],\"inLanguage\":\"en-CA\"}]}<\/script>\n<!-- \/ Yoast SEO plugin. -->","yoast_head_json":{"title":"Travailler avec Tatiana St-Louis - Tatiana St-Louis","robots":{"index":"index","follow":"follow","max-snippet":"max-snippet:-1","max-image-preview":"max-image-preview:large","max-video-preview":"max-video-preview:-1"},"canonical":"https:\/\/tatianastlouis.com\/en\/services\/","og_locale":"en_US","og_type":"article","og_title":"Travailler avec Tatiana St-Louis - Tatiana St-Louis","og_description":"Afin de mieux vous guider, dites-moi...\u00eates-vous un\u00b7e :","og_url":"https:\/\/tatianastlouis.com\/en\/services\/","og_site_name":"Tatiana St-Louis","article_modified_time":"2026-04-10T10:50:31+00:00","twitter_card":"summary_large_image","twitter_misc":{"Est. reading time":"1 minute"},"schema":{"@context":"https:\/\/schema.org","@graph":[{"@type":"WebPage","@id":"https:\/\/tatianastlouis.com\/services\/","url":"https:\/\/tatianastlouis.com\/services\/","name":"Travailler avec Tatiana St-Louis - Tatiana St-Louis","isPartOf":{"@id":"https:\/\/tatianastlouis.com\/#website"},"datePublished":"2019-09-24T19:50:15+00:00","dateModified":"2026-04-10T10:50:31+00:00","breadcrumb":{"@id":"https:\/\/tatianastlouis.com\/services\/#breadcrumb"},"inLanguage":"en-CA","potentialAction":[{"@type":"ReadAction","target":["https:\/\/tatianastlouis.com\/services\/"]}]},{"@type":"BreadcrumbList","@id":"https:\/\/tatianastlouis.com\/services\/#breadcrumb","itemListElement":[{"@type":"ListItem","position":1,"name":"Accueil","item":"https:\/\/tatianastlouis.com\/"},{"@type":"ListItem","position":2,"name":"Travailler avec Tatiana St-Louis"}]},{"@type":"WebSite","@id":"https:\/\/tatianastlouis.com\/#website","url":"https:\/\/tatianastlouis.com\/","name":"Tatiana St. Louis","description":"Consultante, cr\u00e9atrice de contenu, entrepreneuse","potentialAction":[{"@type":"SearchAction","target":{"@type":"EntryPoint","urlTemplate":"https:\/\/tatianastlouis.com\/?s={search_term_string}"},"query-input":{"@type":"PropertyValueSpecification","valueRequired":true,"valueName":"search_term_string"}}],"inLanguage":"en-CA"}]}},"jetpack_sharing_enabled":true,"_links":{"self":[{"href":"https:\/\/tatianastlouis.com\/en\/wp-json\/wp\/v2\/pages\/2","targetHints":{"allow":["GET"]}}],"collection":[{"href":"https:\/\/tatianastlouis.com\/en\/wp-json\/wp\/v2\/pages"}],"about":[{"href":"https:\/\/tatianastlouis.com\/en\/wp-json\/wp\/v2\/types\/page"}],"author":[{"embeddable":true,"href":"https:\/\/tatianastlouis.com\/en\/wp-json\/wp\/v2\/users\/2"}],"replies":[{"embeddable":true,"href":"https:\/\/tatianastlouis.com\/en\/wp-json\/wp\/v2\/comments?post=2"}],"version-history":[{"count":31,"href":"https:\/\/tatianastlouis.com\/en\/wp-json\/wp\/v2\/pages\/2\/revisions"}],"predecessor-version":[{"id":542,"href":"https:\/\/tatianastlouis.com\/en\/wp-json\/wp\/v2\/pages\/2\/revisions\/542"}],"wp:attachment":[{"href":"https:\/\/tatianastlouis.com\/en\/wp-json\/wp\/v2\/media?parent=2"}],"curies":[{"name":"wp","href":"https:\/\/api.w.org\/{rel}","templated":true}]}}